{"id":2411,"date":"2025-08-17T08:46:47","date_gmt":"2025-08-17T08:46:47","guid":{"rendered":"https:\/\/lacaravanaescuela.org\/?post_type=product&#038;p=2411"},"modified":"2025-08-17T11:25:30","modified_gmt":"2025-08-17T11:25:30","slug":"martillos-de-forja-y-uso-general","status":"publish","type":"product","link":"https:\/\/lacaravanaescuela.org\/es_es\/producto\/martillos-de-forja-y-uso-general\/","title":{"rendered":"Martillos de forja y uso general"},"content":{"rendered":"","protected":false},"excerpt":{"rendered":"<p>Forjados a partir de puntas de eje automotriz cortados en segmentos que se forjan de manera rectangular, punzados en caliente, estampados, refrendados y tratados t\u00e9rmicamente para garantizar su tenacidad nominal y poder dar la garant\u00eda ilimitada que acompa\u00f1a las herramientas de nuestra marca.<\/p>\n","protected":false},"featured_media":2430,"template":"","meta":{"_uag_custom_page_level_css":"","site-sidebar-layout":"default","site-content-layout":"","ast-site-content-layout":"default","site-content-style":"default","site-sidebar-style":"default","ast-global-header-display":"","ast-banner-title-visibility":"","ast-main-header-display":"","ast-hfb-above-header-display":"","ast-hfb-below-header-display":"","ast-hfb-mobile-header-display":"","site-post-title":"","ast-breadcrumbs-content":"","ast-featured-img":"","footer-sml-layout":"","theme-transparent-header-meta":"default","adv-header-id-meta":"","stick-header-meta":"","header-above-stick-meta":"","header-main-stick-meta":"","header-below-stick-meta":"","astra-migrate-meta-layouts":"set","ast-page-background-enabled":"default","ast-page-background-meta":{"desktop":{"background-color":"var(--ast-global-color-4)","background-image":"","background-repeat":"repeat","background-position":"center center","background-size":"auto","background-attachment":"scroll","background-type":"","background-media":"","overlay-type":"","overlay-color":"","overlay-opacity":"","overlay-gradient":""},"tablet":{"background-color":"","background-image":"","background-repeat":"repeat","background-position":"center center","background-size":"auto","background-attachment":"scroll","background-type":"","background-media":"","overlay-type":"","overlay-color":"","overlay-opacity":"","overlay-gradient":""},"mobile":{"background-color":"","background-image":"","background-repeat":"repeat","background-position":"center center","background-size":"auto","background-attachment":"scroll","background-type":"","background-media":"","overlay-type":"","overlay-color":"","overlay-opacity":"","overlay-gradient":""}},"ast-content-background-meta":{"desktop":{"background-color":"var(--ast-global-color-5)","background-image":"","background-repeat":"repeat","background-position":"center center","background-size":"auto","background-attachment":"scroll","background-type":"","background-media":"","overlay-type":"","overlay-color":"","overlay-opacity":"","overlay-gradient":""},"tablet":{"background-color":"var(--ast-global-color-5)","background-image":"","background-repeat":"repeat","background-position":"center center","background-size":"auto","background-attachment":"scroll","background-type":"","background-media":"","overlay-type":"","overlay-color":"","overlay-opacity":"","overlay-gradient":""},"mobile":{"background-color":"var(--ast-global-color-5)","background-image":"","background-repeat":"repeat","background-position":"center center","background-size":"auto","background-attachment":"scroll","background-type":"","background-media":"","overlay-type":"","overlay-color":"","overlay-opacity":"","overlay-gradient":""}}},"product_brand":[],"product_cat":[15,30],"product_tag":[25],"class_list":{"0":"post-2411","1":"product","2":"type-product","3":"status-publish","4":"has-post-thumbnail","6":"product_cat-sin-categorizar","7":"product_cat-herramientas-agricolas-y-de-construccion","8":"product_tag-martillos-de-forja","9":"desktop-align-left","10":"tablet-align-left","11":"mobile-align-left","13":"first","14":"instock","15":"shipping-taxable","16":"product-type-simple"},"uagb_featured_image_src":{"full":["https:\/\/lacaravanaescuela.org\/wp-content\/uploads\/2025\/08\/goods_02_436158-3.png",2000,2000,false],"thumbnail":["https:\/\/lacaravanaescuela.org\/wp-content\/uploads\/2025\/08\/goods_02_436158-3-150x150.png",150,150,true],"medium":["https:\/\/lacaravanaescuela.org\/wp-content\/uploads\/2025\/08\/goods_02_436158-3-300x300.png",300,300,true],"medium_large":["https:\/\/lacaravanaescuela.org\/wp-content\/uploads\/2025\/08\/goods_02_436158-3-768x768.png",768,768,true],"large":["https:\/\/lacaravanaescuela.org\/wp-content\/uploads\/2025\/08\/goods_02_436158-3-1024x1024.png",1024,1024,true],"1536x1536":["https:\/\/lacaravanaescuela.org\/wp-content\/uploads\/2025\/08\/goods_02_436158-3-1536x1536.png",1536,1536,true],"2048x2048":["https:\/\/lacaravanaescuela.org\/wp-content\/uploads\/2025\/08\/goods_02_436158-3.png",2000,2000,false],"trp-custom-language-flag":["https:\/\/lacaravanaescuela.org\/wp-content\/uploads\/2025\/08\/goods_02_436158-3.png",12,12,false],"woocommerce_thumbnail":["https:\/\/lacaravanaescuela.org\/wp-content\/uploads\/2025\/08\/goods_02_436158-3-300x300.png",300,300,true],"woocommerce_single":["https:\/\/lacaravanaescuela.org\/wp-content\/uploads\/2025\/08\/goods_02_436158-3-600x600.png",600,600,true],"woocommerce_gallery_thumbnail":["https:\/\/lacaravanaescuela.org\/wp-content\/uploads\/2025\/08\/goods_02_436158-3-100x100.png",100,100,true]},"uagb_author_info":{"display_name":"admin","author_link":"https:\/\/lacaravanaescuela.org\/es_es\/author\/"},"uagb_comment_info":0,"uagb_excerpt":"Forjados a partir de puntas de eje automotriz cortados en segmentos que se forjan de manera rectangular, punzados en caliente, estampados, refrendados y tratados t\u00e9rmicamente para garantizar su tenacidad nominal y poder dar la garant\u00eda ilimitada que acompa\u00f1a las herramientas de nuestra marca.","_links":{"self":[{"href":"https:\/\/lacaravanaescuela.org\/es_es\/wp-json\/wp\/v2\/product\/2411","targetHints":{"allow":["GET"]}}],"collection":[{"href":"https:\/\/lacaravanaescuela.org\/es_es\/wp-json\/wp\/v2\/product"}],"about":[{"href":"https:\/\/lacaravanaescuela.org\/es_es\/wp-json\/wp\/v2\/types\/product"}],"wp:featuredmedia":[{"embeddable":true,"href":"https:\/\/lacaravanaescuela.org\/es_es\/wp-json\/wp\/v2\/media\/2430"}],"wp:attachment":[{"href":"https:\/\/lacaravanaescuela.org\/es_es\/wp-json\/wp\/v2\/media?parent=2411"}],"wp:term":[{"taxonomy":"product_brand","embeddable":true,"href":"https:\/\/lacaravanaescuela.org\/es_es\/wp-json\/wp\/v2\/product_brand?post=2411"},{"taxonomy":"product_cat","embeddable":true,"href":"https:\/\/lacaravanaescuela.org\/es_es\/wp-json\/wp\/v2\/product_cat?post=2411"},{"taxonomy":"product_tag","embeddable":true,"href":"https:\/\/lacaravanaescuela.org\/es_es\/wp-json\/wp\/v2\/product_tag?post=2411"}],"curies":[{"name":"wp","href":"https:\/\/api.w.org\/{rel}","templated":true}]}}