{"id":2194,"date":"2025-08-11T10:59:51","date_gmt":"2025-08-11T10:59:51","guid":{"rendered":"https:\/\/lacaravanaescuela.org\/?page_id=2194"},"modified":"2025-11-18T14:01:31","modified_gmt":"2025-11-18T14:01:31","slug":"lo-que-nos-mueve","status":"publish","type":"page","link":"https:\/\/lacaravanaescuela.org\/es_es\/lo-que-nos-mueve\/","title":{"rendered":"Lo que nos mueve"},"content":{"rendered":"\t\t<div data-elementor-type=\"wp-page\" data-elementor-id=\"2194\" class=\"elementor elementor-2194\">\n\t\t\t\t<div class=\"elementor-element elementor-element-738693db e-flex e-con-boxed e-con e-parent\" data-id=\"738693db\" data-element_type=\"container\" data-e-type=\"container\" data-settings=\"{&quot;background_background&quot;:&quot;classic&quot;}\">\n\t\t\t\t\t<div class=\"e-con-inner\">\n\t\t\t\t<div class=\"elementor-element elementor-element-424f6c2b elementor-widget elementor-widget-text-editor\" data-id=\"424f6c2b\" data-element_type=\"widget\" data-e-type=\"widget\" data-widget_type=\"text-editor.default\">\n\t\t\t\t<div class=\"elementor-widget-container\">\n\t\t\t\t\t\t\t\t\t<p>La Caravana Escuela<\/p>\t\t\t\t\t\t\t\t<\/div>\n\t\t\t\t<\/div>\n\t\t\t\t<div class=\"elementor-element elementor-element-549d2072 elementor-widget elementor-widget-heading\" data-id=\"549d2072\" data-element_type=\"widget\" data-e-type=\"widget\" data-widget_type=\"heading.default\">\n\t\t\t\t<div class=\"elementor-widget-container\">\n\t\t\t\t\t<h1 class=\"elementor-heading-title elementor-size-default\">Lo que nos mueve<\/h1>\t\t\t\t<\/div>\n\t\t\t\t<\/div>\n\t\t\t\t\t<\/div>\n\t\t\t\t<\/div>\n\t\t\t\t<section class=\"elementor-section elementor-top-section elementor-element elementor-element-5qapyah elementor-section-content-top elementor-section-boxed elementor-section-height-default elementor-section-height-default\" data-id=\"5qapyah\" data-element_type=\"section\" data-e-type=\"section\" data-settings=\"{&quot;background_background&quot;:&quot;classic&quot;}\">\n\t\t\t\t\t\t\t<div class=\"elementor-background-overlay\"><\/div>\n\t\t\t\t\t\t\t<div class=\"elementor-container elementor-column-gap-no\">\n\t\t\t\t\t<div class=\"elementor-column elementor-col-100 elementor-top-column elementor-element elementor-element-fd3d3a5\" data-id=\"fd3d3a5\" data-element_type=\"column\" data-e-type=\"column\">\n\t\t\t<div class=\"elementor-widget-wrap elementor-element-populated\">\n\t\t\t\t\t\t<div class=\"elementor-element elementor-element-49427c7 elementor-widget elementor-widget-heading\" data-id=\"49427c7\" data-element_type=\"widget\" data-e-type=\"widget\" data-widget_type=\"heading.default\">\n\t\t\t\t<div class=\"elementor-widget-container\">\n\t\t\t\t\t<h5 class=\"elementor-heading-title elementor-size-default\">La Caravana Escuela<\/h5>\t\t\t\t<\/div>\n\t\t\t\t<\/div>\n\t\t\t\t<div class=\"elementor-element elementor-element-02c3e36 elementor-widget elementor-widget-heading\" data-id=\"02c3e36\" data-element_type=\"widget\" data-e-type=\"widget\" data-widget_type=\"heading.default\">\n\t\t\t\t<div class=\"elementor-widget-container\">\n\t\t\t\t\t<h2 class=\"elementor-heading-title elementor-size-default\">Lo que nos mueve<\/h2>\t\t\t\t<\/div>\n\t\t\t\t<\/div>\n\t\t\t\t<div class=\"elementor-element elementor-element-4529f61 elementor-widget elementor-widget-text-editor\" data-id=\"4529f61\" data-element_type=\"widget\" data-e-type=\"widget\" data-widget_type=\"text-editor.default\">\n\t\t\t\t<div class=\"elementor-widget-container\">\n\t\t\t\t\t\t\t\t\t<p>Vivir en M\u00e9rida, el Estado con las monta\u00f1as m\u00e1s altas de Venezuela, y el comienzo de la cadena monta\u00f1osa m\u00e1s larga del Planeta, nos hace parte de una geograf\u00eda de altura, con sus costumbres, su gente y un modo particular de vincularse con la naturaleza. Aqu\u00ed, en los Andes venezolanos, se trabaja la tierra de manera tradicional. Dada la inclinacion de las laderas cultivables, la mecanizacion no es posible, y la siembra y cosecha de hortalizas se hace de manera manual y con la ayuda de animales de trabajo: bueyes, mulas y caballos.<\/p><p>Aparte de modelar el modo de trabajar la tierra, los Andes son todo para nosotros los andinos. Dada la inc\u00f3moda distancia que nos separa de las costas de nuestro hermoso Mar Caribe, subir y explorar estas monta\u00f1as son nuestra manera de pasar el tiempo. Nos adentramos en los p\u00e1ramos en busca de tranquilidad, haciendo de las largas caminatas y acampadas nuestras vacaciones ideales. All\u00ed tenemos contacto con la naturaleza, y los campesinos sus caballos y herramientas de trabajo se nos hacen familiares, as\u00ed como las dificultades a las que se someten en sus jornadas de trabajo, a veces en condiciones desafiantes de fr\u00edo, hielo y lluvia para generar el sustento a trav\u00e9s de la siembra de la que todos dependemos.<\/p><p>La vida campesina es dura y simple: fuego, tierra, agua y trabajo con herramientas de mano, una f\u00f3rmula de vida que data de hace miles de a\u00f1os y que casi no ha cambiado en estas tierras. Hace poco m\u00e1s de un siglo, la modernidad nos trajo la gasolina y la electricidad, que desplazaron progresivamente las herramientas manuales y las maneras tradicionales. Pronto las camionetas de carga\u00a0 reemplazaron a las mulas y a los caballos, y luego se dej\u00f3 de sembrar trigo para comprar harina importada\u2026 Pero en cierto momento de nuestra Historia reciente todo cambi\u00f3, y estos elementos escasearon de manera alarmante, y de pronto la normalidad se convirti\u00f3 en tragedia, dejando a nuestros campesinos y a sus cosechas a merced de la distancia. Nuevamente las mulas y los caballos se usaron para sacar las cosechas de las monta\u00f1as pero, por la falta de herraduras, los cascos de los animales se gastaron con el asfalto y muchos caballos y mulas quedaron postrados, no com\u00edan, y murieron. Mientras decenas de hectareas sembradas de trigo no piudieron ser segadas antes de la temporada de lluvia por falta de hocez y se perdieron.<\/p>\t\t\t\t\t\t\t\t<\/div>\n\t\t\t\t<\/div>\n\t\t\t\t\t<\/div>\n\t\t<\/div>\n\t\t\t\t\t<\/div>\n\t\t<\/section>\n\t\t\t\t<section class=\"elementor-section elementor-top-section elementor-element elementor-element-i181bmo elementor-section-content-top elementor-section-boxed elementor-section-height-default elementor-section-height-default\" data-id=\"i181bmo\" data-element_type=\"section\" data-e-type=\"section\" data-settings=\"{&quot;background_background&quot;:&quot;classic&quot;}\">\n\t\t\t\t\t\t\t<div class=\"elementor-background-overlay\"><\/div>\n\t\t\t\t\t\t\t<div class=\"elementor-container elementor-column-gap-no\">\n\t\t\t\t\t<div class=\"elementor-column elementor-col-33 elementor-top-column elementor-element elementor-element-4b1c7ab\" data-id=\"4b1c7ab\" data-element_type=\"column\" data-e-type=\"column\">\n\t\t\t<div class=\"elementor-widget-wrap elementor-element-populated\">\n\t\t\t\t\t\t<div class=\"elementor-element elementor-element-e235538 elementor-widget-divider--view-line elementor-widget elementor-widget-divider\" data-id=\"e235538\" data-element_type=\"widget\" data-e-type=\"widget\" data-widget_type=\"divider.default\">\n\t\t\t\t<div class=\"elementor-widget-container\">\n\t\t\t\t\t\t\t<div class=\"elementor-divider\">\n\t\t\t<span class=\"elementor-divider-separator\">\n\t\t\t\t\t\t<\/span>\n\t\t<\/div>\n\t\t\t\t\t\t<\/div>\n\t\t\t\t<\/div>\n\t\t\t\t<div class=\"elementor-element elementor-element-edef465 elementor-widget elementor-widget-heading\" data-id=\"edef465\" data-element_type=\"widget\" data-e-type=\"widget\" data-widget_type=\"heading.default\">\n\t\t\t\t<div class=\"elementor-widget-container\">\n\t\t\t\t\t<h2 class=\"elementor-heading-title elementor-size-default\">La Forja de hierro<\/h2>\t\t\t\t<\/div>\n\t\t\t\t<\/div>\n\t\t\t\t\t<\/div>\n\t\t<\/div>\n\t\t\t\t<div class=\"elementor-column elementor-col-66 elementor-top-column elementor-element elementor-element-b7b3d22\" data-id=\"b7b3d22\" data-element_type=\"column\" data-e-type=\"column\">\n\t\t\t<div class=\"elementor-widget-wrap elementor-element-populated\">\n\t\t\t\t\t\t<div class=\"elementor-element elementor-element-b78bc3d elementor-widget elementor-widget-text-editor\" data-id=\"b78bc3d\" data-element_type=\"widget\" data-e-type=\"widget\" data-widget_type=\"text-editor.default\">\n\t\t\t\t<div class=\"elementor-widget-container\">\n\t\t\t\t\t\t\t\t\t<p>Hace m\u00e1s de 5.000 a\u00f1os que el hombre forja el hierro. Primero forj\u00f3 el hierro mete\u00f3rico, las \u2018piedras del cielo\u2019 con las que fabric\u00f3 sus primitivas armas. Luego aprendi\u00f3 a modelar a golpes de fuego y martillo la roca de hierro emergente de la tierra para obtener un metal m\u00e1s duro que el cobre y el bronce. El oficio de la forja evolucion\u00f3 y, merced al hierro, se forjaron imperios y civilzaciones; lanzas, espadas y escudos para la guerra; sartenes, cuchillos y ollas para la cocina; palas, picos y azadones para la siembra; pistones, ruedas y rieles para los trenes; y, finalmente, puentes, edificios, rascacielos y megaestructuras\u2026 Al cabo, toda la civilizaci\u00f3n moderna est\u00e1 literalmente modelada sobre una armaz\u00f3n de hierro (Fe).<\/p><p>Parad\u00f3jicamente, desde la oficina del rascacielos en la gran metr\u00f3poli (construida sobre estructuras de hierro), resulta f\u00e1cil para el hombre moderno sentirse alejado de aquel herrero antiguo que a fuerza de martillo y sudor forjaba el hierro. Este escenario parece distante como si de una pel\u00edcula de \u00e9poca se tratara. Pero para el campesino, capaz de manejar el fuego, con manos habiles y curtidas de trabajo, este oficio le resulta oportuno y viable, y comienza a marcar la diferencia entre la escasez y la abundancia, cuando recoge un pedazo de hierro oxidado y a fuerza de fuego y m\u00fasculo lo transforma en una herramienta \u00fatil y valiosa para sembrar y proveer de alimentos a si mismo, su familia y al hombre de la oficina.<\/p><p>Con el tiempo, la palabra <em>forja<\/em> ha tomado un significado m\u00e1s amplio que su primitiva relaci\u00f3n con el hierro: el car\u00e1cter y el h\u00e9roe se forjan, as\u00ed como la libertad y el espir\u00edtu humano. Como es arriba es abajo, y el campesino que forja su herramienta, forja al mismo tiempo su car\u00e1cter, su futuro y el futuro de todos nosotros.<\/p>\t\t\t\t\t\t\t\t<\/div>\n\t\t\t\t<\/div>\n\t\t\t\t\t<\/div>\n\t\t<\/div>\n\t\t\t\t\t<\/div>\n\t\t<\/section>\n\t\t\t\t<section class=\"elementor-section elementor-top-section elementor-element elementor-element-sde85i5 elementor-section-content-top elementor-section-boxed elementor-section-height-default elementor-section-height-default\" data-id=\"sde85i5\" data-element_type=\"section\" data-e-type=\"section\" data-settings=\"{&quot;background_background&quot;:&quot;classic&quot;}\">\n\t\t\t\t\t\t\t<div class=\"elementor-background-overlay\"><\/div>\n\t\t\t\t\t\t\t<div class=\"elementor-container elementor-column-gap-no\">\n\t\t\t\t\t<div class=\"elementor-column elementor-col-50 elementor-top-column elementor-element elementor-element-eb564d3\" data-id=\"eb564d3\" data-element_type=\"column\" data-e-type=\"column\">\n\t\t\t<div class=\"elementor-widget-wrap elementor-element-populated\">\n\t\t\t\t\t\t<div class=\"elementor-element elementor-element-be35674 elementor-widget__width-initial elementor-widget-divider--view-line elementor-widget elementor-widget-divider\" data-id=\"be35674\" data-element_type=\"widget\" data-e-type=\"widget\" data-widget_type=\"divider.default\">\n\t\t\t\t<div class=\"elementor-widget-container\">\n\t\t\t\t\t\t\t<div class=\"elementor-divider\">\n\t\t\t<span class=\"elementor-divider-separator\">\n\t\t\t\t\t\t<\/span>\n\t\t<\/div>\n\t\t\t\t\t\t<\/div>\n\t\t\t\t<\/div>\n\t\t\t\t<div class=\"elementor-element elementor-element-02f4f45 elementor-widget__width-initial elementor-widget elementor-widget-heading\" data-id=\"02f4f45\" data-element_type=\"widget\" data-e-type=\"widget\" data-widget_type=\"heading.default\">\n\t\t\t\t<div class=\"elementor-widget-container\">\n\t\t\t\t\t<h2 class=\"elementor-heading-title elementor-size-default\">\u00bfCrisis u oportunidad?<\/h2>\t\t\t\t<\/div>\n\t\t\t\t<\/div>\n\t\t\t\t\t<\/div>\n\t\t<\/div>\n\t\t\t\t<div class=\"elementor-column elementor-col-50 elementor-top-column elementor-element elementor-element-4f959b4\" data-id=\"4f959b4\" data-element_type=\"column\" data-e-type=\"column\">\n\t\t\t<div class=\"elementor-widget-wrap elementor-element-populated\">\n\t\t\t\t\t\t<div class=\"elementor-element elementor-element-0ebcc48 elementor-widget__width-initial elementor-widget elementor-widget-text-editor\" data-id=\"0ebcc48\" data-element_type=\"widget\" data-e-type=\"widget\" data-widget_type=\"text-editor.default\">\n\t\t\t\t<div class=\"elementor-widget-container\">\n\t\t\t\t\t\t\t\t\t<p>Sabiendo que las realidades del Campo son tan s\u00edmiles a la del herrero, nos preguntamos: \u00bfc\u00f3mo es que no hay forja en los P\u00e1ramos teniendo minas de carb\u00f3n tan cerca? Un conocimiento tan antiguo y tan \u00fatil puede marcar la diferencia en comunidades de monta\u00f1a. Algo hab\u00eda que hacer, y pronto: buscar la manera de llevar la forja a los pueblos de una manera ordenada y pedag\u00f3gica pero a la vez pr\u00e1ctica, y que, una vez terminado el curso, quedara instalado en la aldea un Taller Rural de Forja bien equipado y en pleno funcionamiento: con fragua, yunques, martillos, m\u00faltiples herramientas de mano y dotaci\u00f3n continua de carb\u00f3n mineral. De este modo podemos evitar que un caballo muera por falta de herraduras o que se pierda una cosecha por falta de herramientas.<\/p><p>En 2019, empujada por la crisis, La Caravana Escuela lleg\u00f3 a la aldea de Gavidia, a 3.350 msnm, con tres toneladas de herramientas y carb\u00f3n, cuatro carpas-dormitorio, una carpa-cocina y una carpa-taller, y con una misi\u00f3n antigua y necesaria: ense\u00f1ar a la gente a forjar sus herramientas con el acero que pudieran encontrar, con fraguas calentadas con carb\u00f3n mineral a fuerza de pedal, dot\u00e1ndoles del conocimiento y de los implementos para forjar sus propias herramientas agr\u00edcolas. En pleno centro de la aldea, al cabo de una semana de clases intensivas, al cabo de doscientas horas de fraguas encendidas a 1.000 grados cent\u00edgrados y cientos de nuevas herramientas la forja de hierro hab\u00eda vuelto para quedarse.<\/p>\t\t\t\t\t\t\t\t<\/div>\n\t\t\t\t<\/div>\n\t\t\t\t\t<\/div>\n\t\t<\/div>\n\t\t\t\t\t<\/div>\n\t\t<\/section>\n\t\t\t\t<\/div>\n\t\t","protected":false},"excerpt":{"rendered":"<p>La Caravana Escuela Lo que nos mueve La Caravana Escuela Lo que nos mueve Vivir en M\u00e9rida, el Estado con [&hellip;]<\/p>\n","protected":false},"author":1,"featured_media":0,"parent":0,"menu_order":0,"comment_status":"closed","ping_status":"closed","template":"","meta":{"_uag_custom_page_level_css":"","site-sidebar-layout":"no-sidebar","site-content-layout":"","ast-site-content-layout":"full-width-container","site-content-style":"default","site-sidebar-style":"default","ast-global-header-display":"","ast-banner-title-visibility":"","ast-main-header-display":"","ast-hfb-above-header-display":"","ast-hfb-below-header-display":"","ast-hfb-mobile-header-display":"","site-post-title":"disabled","ast-breadcrumbs-content":"","ast-featured-img":"disabled","footer-sml-layout":"","theme-transparent-header-meta":"","adv-header-id-meta":"","stick-header-meta":"","header-above-stick-meta":"","header-main-stick-meta":"","header-below-stick-meta":"","astra-migrate-meta-layouts":"default","ast-page-background-enabled":"default","ast-page-background-meta":{"desktop":{"background-color":"var(--ast-global-color-4)","background-image":"","background-repeat":"repeat","background-position":"center center","background-size":"auto","background-attachment":"scroll","background-type":"","background-media":"","overlay-type":"","overlay-color":"","overlay-opacity":"","overlay-gradient":""},"tablet":{"background-color":"","background-image":"","background-repeat":"repeat","background-position":"center center","background-size":"auto","background-attachment":"scroll","background-type":"","background-media":"","overlay-type":"","overlay-color":"","overlay-opacity":"","overlay-gradient":""},"mobile":{"background-color":"","background-image":"","background-repeat":"repeat","background-position":"center center","background-size":"auto","background-attachment":"scroll","background-type":"","background-media":"","overlay-type":"","overlay-color":"","overlay-opacity":"","overlay-gradient":""}},"ast-content-background-meta":{"desktop":{"background-color":"var(--ast-global-color-5)","background-image":"","background-repeat":"repeat","background-position":"center center","background-size":"auto","background-attachment":"scroll","background-type":"","background-media":"","overlay-type":"","overlay-color":"","overlay-opacity":"","overlay-gradient":""},"tablet":{"background-color":"var(--ast-global-color-5)","background-image":"","background-repeat":"repeat","background-position":"center center","background-size":"auto","background-attachment":"scroll","background-type":"","background-media":"","overlay-type":"","overlay-color":"","overlay-opacity":"","overlay-gradient":""},"mobile":{"background-color":"var(--ast-global-color-5)","background-image":"","background-repeat":"repeat","background-position":"center center","background-size":"auto","background-attachment":"scroll","background-type":"","background-media":"","overlay-type":"","overlay-color":"","overlay-opacity":"","overlay-gradient":""}},"footnotes":""},"class_list":["post-2194","page","type-page","status-publish","hentry"],"uagb_featured_image_src":{"full":false,"thumbnail":false,"medium":false,"medium_large":false,"large":false,"1536x1536":false,"2048x2048":false,"trp-custom-language-flag":false,"woocommerce_thumbnail":false,"woocommerce_single":false,"woocommerce_gallery_thumbnail":false},"uagb_author_info":{"display_name":"admin","author_link":"https:\/\/lacaravanaescuela.org\/es_es\/author\/lacaravanaescuela\/"},"uagb_comment_info":0,"uagb_excerpt":"La Caravana Escuela Lo que nos mueve La Caravana Escuela Lo que nos mueve Vivir en M\u00e9rida, el Estado con [&hellip;]","_links":{"self":[{"href":"https:\/\/lacaravanaescuela.org\/es_es\/wp-json\/wp\/v2\/pages\/2194","targetHints":{"allow":["GET"]}}],"collection":[{"href":"https:\/\/lacaravanaescuela.org\/es_es\/wp-json\/wp\/v2\/pages"}],"about":[{"href":"https:\/\/lacaravanaescuela.org\/es_es\/wp-json\/wp\/v2\/types\/page"}],"author":[{"embeddable":true,"href":"https:\/\/lacaravanaescuela.org\/es_es\/wp-json\/wp\/v2\/users\/1"}],"replies":[{"embeddable":true,"href":"https:\/\/lacaravanaescuela.org\/es_es\/wp-json\/wp\/v2\/comments?post=2194"}],"version-history":[{"count":88,"href":"https:\/\/lacaravanaescuela.org\/es_es\/wp-json\/wp\/v2\/pages\/2194\/revisions"}],"predecessor-version":[{"id":2603,"href":"https:\/\/lacaravanaescuela.org\/es_es\/wp-json\/wp\/v2\/pages\/2194\/revisions\/2603"}],"wp:attachment":[{"href":"https:\/\/lacaravanaescuela.org\/es_es\/wp-json\/wp\/v2\/media?parent=2194"}],"curies":[{"name":"wp","href":"https:\/\/api.w.org\/{rel}","templated":true}]}}