{"id":2024,"date":"2025-08-09T00:58:05","date_gmt":"2025-08-09T00:58:05","guid":{"rendered":"https:\/\/lacaravanaescuela.org\/?page_id=2024"},"modified":"2025-08-21T21:08:46","modified_gmt":"2025-08-21T21:08:46","slug":"tarjeta-de-credito","status":"publish","type":"page","link":"https:\/\/lacaravanaescuela.org\/es_es\/tarjeta-de-credito\/","title":{"rendered":"Tarjeta de credito"},"content":{"rendered":"\t\t<div data-elementor-type=\"wp-page\" data-elementor-id=\"2024\" class=\"elementor elementor-2024\">\n\t\t\t\t<div class=\"elementor-element elementor-element-3958d540 e-flex e-con-boxed e-con e-parent\" data-id=\"3958d540\" data-element_type=\"container\" data-e-type=\"container\" data-settings=\"{&quot;background_background&quot;:&quot;classic&quot;}\">\n\t\t\t\t\t<div class=\"e-con-inner\">\n\t\t\t\t<div class=\"elementor-element elementor-element-aa65d2c elementor-widget elementor-widget-text-editor\" data-id=\"aa65d2c\" data-element_type=\"widget\" data-e-type=\"widget\" data-widget_type=\"text-editor.default\">\n\t\t\t\t<div class=\"elementor-widget-container\">\n\t\t\t\t\t\t\t\t\t<p>La Caravana Escuela<\/p>\t\t\t\t\t\t\t\t<\/div>\n\t\t\t\t<\/div>\n\t\t\t\t<div class=\"elementor-element elementor-element-1a64a6a6 elementor-widget elementor-widget-heading\" data-id=\"1a64a6a6\" data-element_type=\"widget\" data-e-type=\"widget\" data-widget_type=\"heading.default\">\n\t\t\t\t<div class=\"elementor-widget-container\">\n\t\t\t\t\t<h1 class=\"elementor-heading-title elementor-size-default\">Tarjeta de Cr\u00e9dito<\/h1>\t\t\t\t<\/div>\n\t\t\t\t<\/div>\n\t\t\t\t<div class=\"elementor-element elementor-element-58f7f2d elementor-widget elementor-widget-text-editor\" data-id=\"58f7f2d\" data-element_type=\"widget\" data-e-type=\"widget\" data-widget_type=\"text-editor.default\">\n\t\t\t\t<div class=\"elementor-widget-container\">\n\t\t\t\t\t\t\t\t\t<p>Donativos<\/p>\t\t\t\t\t\t\t\t<\/div>\n\t\t\t\t<\/div>\n\t\t\t\t\t<\/div>\n\t\t\t\t<\/div>\n\t\t<div class=\"elementor-element elementor-element-937b7a4 e-flex e-con-boxed e-con e-parent\" data-id=\"937b7a4\" data-element_type=\"container\" data-e-type=\"container\" data-settings=\"{&quot;background_background&quot;:&quot;classic&quot;}\">\n\t\t\t\t\t<div class=\"e-con-inner\">\n\t\t\t\t<div class=\"elementor-element elementor-element-cda2151 elementor-widget elementor-widget-html\" data-id=\"cda2151\" data-element_type=\"widget\" data-e-type=\"widget\" data-widget_type=\"html.default\">\n\t\t\t\t<div class=\"elementor-widget-container\">\n\t\t\t\t\t\r\n    <iframe\r\n      id=\"JotFormIFrame-211176107885660\"\r\n      title=\"LaCaravanaEscuela Donations\"\r\n      onload=\"window.parent.scrollTo(0,0)\"\r\n      allowtransparency=\"true\"\r\n      allow=\"geolocation; microphone; camera; fullscreen; payment\"\r\n      src=\"https:\/\/form.jotform.com\/211176107885660\"\r\n      frameborder=\"0\"\r\n      style=\"min-width:100%;max-width:100%;height:539px;border:none;\"\r\n      scrolling=\"no\"\r\n    >\r\n    <\/iframe>\r\n    <script src='https:\/\/cdn.jotfor.ms\/s\/umd\/latest\/for-form-embed-handler.js'><\/script>\r\n    <script>window.jotformEmbedHandler(\"iframe[id='JotFormIFrame-211176107885660']\", \"https:\/\/form.jotform.com\/\")<\/script>\r\n    \t\t\t\t<\/div>\n\t\t\t\t<\/div>\n\t\t\t\t\t<\/div>\n\t\t\t\t<\/div>\n\t\t<div class=\"elementor-element elementor-element-797859b2 e-flex e-con-boxed e-con e-parent\" data-id=\"797859b2\" data-element_type=\"container\" data-e-type=\"container\" data-settings=\"{&quot;background_background&quot;:&quot;classic&quot;}\">\n\t\t\t\t\t<div class=\"e-con-inner\">\n\t\t<div class=\"elementor-element elementor-element-444f9e4f e-con-full e-flex e-con e-child\" data-id=\"444f9e4f\" data-element_type=\"container\" data-e-type=\"container\">\n\t\t\t\t<div class=\"elementor-element elementor-element-63cb1950 elementor-widget elementor-widget-heading\" data-id=\"63cb1950\" data-element_type=\"widget\" data-e-type=\"widget\" data-widget_type=\"heading.default\">\n\t\t\t\t<div class=\"elementor-widget-container\">\n\t\t\t\t\t<h2 class=\"elementor-heading-title elementor-size-default\">A nuestros maravillosos colaboradores<\/h2>\t\t\t\t<\/div>\n\t\t\t\t<\/div>\n\t\t\t\t<\/div>\n\t\t<div class=\"elementor-element elementor-element-2ce31920 e-con-full e-flex e-con e-child\" data-id=\"2ce31920\" data-element_type=\"container\" data-e-type=\"container\">\n\t\t\t\t<div class=\"elementor-element elementor-element-55019ca elementor-widget elementor-widget-text-editor\" data-id=\"55019ca\" data-element_type=\"widget\" data-e-type=\"widget\" data-widget_type=\"text-editor.default\">\n\t\t\t\t<div class=\"elementor-widget-container\">\n\t\t\t\t\t\t\t\t\t<p>Conforme evaluamos el viaje que hemos hecho juntos, el impacto ya logrado y el potencial de aprovechar esta experiencia para hacer m\u00e1s en el futuro, esperamos que aqu\u00e9llos que han apoyado nuestro trabajo se sientan alentados por el excepcional retorno social de su inversi\u00f3n, y contin\u00faen apoy\u00e1ndonos. Esperamos que aqu\u00e9llos que reci\u00e9n nos conocen, se unan a nosotros. Queremos expresar nuestra profunda gratitud a nuestros donantes de larga data y a nuestros nuevos donantes, en nombre de quienes trabajamos en <strong>LCE<\/strong>, y especialmente en nombre de las cientos (que pronto ser\u00e1n miles) de familias trabajadoras en los Andes cuyas vidas han mejorado profundamente a trav\u00e9s de este esfuerzo. Gracias a todos ustedes.<\/p>\t\t\t\t\t\t\t\t<\/div>\n\t\t\t\t<\/div>\n\t\t\t\t<\/div>\n\t\t\t\t\t<\/div>\n\t\t\t\t<\/div>\n\t\t\t\t<\/div>\n\t\t","protected":false},"excerpt":{"rendered":"<p>La Caravana Escuela Tarjeta de Cr\u00e9dito Donativos A nuestros maravillosos colaboradores Conforme evaluamos el viaje que hemos hecho juntos, el [&hellip;]<\/p>\n","protected":false},"author":1,"featured_media":0,"parent":0,"menu_order":0,"comment_status":"closed","ping_status":"closed","template":"","meta":{"_uag_custom_page_level_css":"","site-sidebar-layout":"no-sidebar","site-content-layout":"","ast-site-content-layout":"full-width-container","site-content-style":"default","site-sidebar-style":"default","ast-global-header-display":"","ast-banner-title-visibility":"","ast-main-header-display":"","ast-hfb-above-header-display":"","ast-hfb-below-header-display":"","ast-hfb-mobile-header-display":"","site-post-title":"","ast-breadcrumbs-content":"","ast-featured-img":"disabled","footer-sml-layout":"","theme-transparent-header-meta":"","adv-header-id-meta":"","stick-header-meta":"","header-above-stick-meta":"","header-main-stick-meta":"","header-below-stick-meta":"","astra-migrate-meta-layouts":"default","ast-page-background-enabled":"default","ast-page-background-meta":{"desktop":{"background-color":"var(--ast-global-color-4)","background-image":"","background-repeat":"repeat","background-position":"center center","background-size":"auto","background-attachment":"scroll","background-type":"","background-media":"","overlay-type":"","overlay-color":"","overlay-opacity":"","overlay-gradient":""},"tablet":{"background-color":"","background-image":"","background-repeat":"repeat","background-position":"center center","background-size":"auto","background-attachment":"scroll","background-type":"","background-media":"","overlay-type":"","overlay-color":"","overlay-opacity":"","overlay-gradient":""},"mobile":{"background-color":"","background-image":"","background-repeat":"repeat","background-position":"center center","background-size":"auto","background-attachment":"scroll","background-type":"","background-media":"","overlay-type":"","overlay-color":"","overlay-opacity":"","overlay-gradient":""}},"ast-content-background-meta":{"desktop":{"background-color":"var(--ast-global-color-5)","background-image":"","background-repeat":"repeat","background-position":"center center","background-size":"auto","background-attachment":"scroll","background-type":"","background-media":"","overlay-type":"","overlay-color":"","overlay-opacity":"","overlay-gradient":""},"tablet":{"background-color":"var(--ast-global-color-5)","background-image":"","background-repeat":"repeat","background-position":"center center","background-size":"auto","background-attachment":"scroll","background-type":"","background-media":"","overlay-type":"","overlay-color":"","overlay-opacity":"","overlay-gradient":""},"mobile":{"background-color":"var(--ast-global-color-5)","background-image":"","background-repeat":"repeat","background-position":"center center","background-size":"auto","background-attachment":"scroll","background-type":"","background-media":"","overlay-type":"","overlay-color":"","overlay-opacity":"","overlay-gradient":""}},"footnotes":""},"class_list":["post-2024","page","type-page","status-publish","hentry"],"uagb_featured_image_src":{"full":false,"thumbnail":false,"medium":false,"medium_large":false,"large":false,"1536x1536":false,"2048x2048":false,"trp-custom-language-flag":false,"woocommerce_thumbnail":false,"woocommerce_single":false,"woocommerce_gallery_thumbnail":false},"uagb_author_info":{"display_name":"admin","author_link":"https:\/\/lacaravanaescuela.org\/es_es\/author\/lacaravanaescuela\/"},"uagb_comment_info":0,"uagb_excerpt":"La Caravana Escuela Tarjeta de Cr\u00e9dito Donativos A nuestros maravillosos colaboradores Conforme evaluamos el viaje que hemos hecho juntos, el [&hellip;]","_links":{"self":[{"href":"https:\/\/lacaravanaescuela.org\/es_es\/wp-json\/wp\/v2\/pages\/2024","targetHints":{"allow":["GET"]}}],"collection":[{"href":"https:\/\/lacaravanaescuela.org\/es_es\/wp-json\/wp\/v2\/pages"}],"about":[{"href":"https:\/\/lacaravanaescuela.org\/es_es\/wp-json\/wp\/v2\/types\/page"}],"author":[{"embeddable":true,"href":"https:\/\/lacaravanaescuela.org\/es_es\/wp-json\/wp\/v2\/users\/1"}],"replies":[{"embeddable":true,"href":"https:\/\/lacaravanaescuela.org\/es_es\/wp-json\/wp\/v2\/comments?post=2024"}],"version-history":[{"count":27,"href":"https:\/\/lacaravanaescuela.org\/es_es\/wp-json\/wp\/v2\/pages\/2024\/revisions"}],"predecessor-version":[{"id":2561,"href":"https:\/\/lacaravanaescuela.org\/es_es\/wp-json\/wp\/v2\/pages\/2024\/revisions\/2561"}],"wp:attachment":[{"href":"https:\/\/lacaravanaescuela.org\/es_es\/wp-json\/wp\/v2\/media?parent=2024"}],"curies":[{"name":"wp","href":"https:\/\/api.w.org\/{rel}","templated":true}]}}