{"id":2008,"date":"2025-08-09T00:43:44","date_gmt":"2025-08-09T00:43:44","guid":{"rendered":"https:\/\/lacaravanaescuela.org\/?page_id=2008"},"modified":"2025-08-21T21:08:04","modified_gmt":"2025-08-21T21:08:04","slug":"transferencia-nacional","status":"publish","type":"page","link":"https:\/\/lacaravanaescuela.org\/es_es\/transferencia-nacional\/","title":{"rendered":"Transferencia Nacional"},"content":{"rendered":"\t\t<div data-elementor-type=\"wp-page\" data-elementor-id=\"2008\" class=\"elementor elementor-2008\">\n\t\t\t\t<div class=\"elementor-element elementor-element-e6b5953 e-flex e-con-boxed e-con e-parent\" data-id=\"e6b5953\" data-element_type=\"container\" data-e-type=\"container\" data-settings=\"{&quot;background_background&quot;:&quot;classic&quot;}\">\n\t\t\t\t\t<div class=\"e-con-inner\">\n\t\t\t\t<div class=\"elementor-element elementor-element-22910574 elementor-widget elementor-widget-text-editor\" data-id=\"22910574\" data-element_type=\"widget\" data-e-type=\"widget\" data-widget_type=\"text-editor.default\">\n\t\t\t\t<div class=\"elementor-widget-container\">\n\t\t\t\t\t\t\t\t\t<p>La Caravana Escuela<\/p>\t\t\t\t\t\t\t\t<\/div>\n\t\t\t\t<\/div>\n\t\t\t\t<div class=\"elementor-element elementor-element-65b94722 elementor-widget elementor-widget-heading\" data-id=\"65b94722\" data-element_type=\"widget\" data-e-type=\"widget\" data-widget_type=\"heading.default\">\n\t\t\t\t<div class=\"elementor-widget-container\">\n\t\t\t\t\t<h1 class=\"elementor-heading-title elementor-size-default\">Transferencia Nacional<\/h1>\t\t\t\t<\/div>\n\t\t\t\t<\/div>\n\t\t\t\t<div class=\"elementor-element elementor-element-1169a49 elementor-widget elementor-widget-text-editor\" data-id=\"1169a49\" data-element_type=\"widget\" data-e-type=\"widget\" data-widget_type=\"text-editor.default\">\n\t\t\t\t<div class=\"elementor-widget-container\">\n\t\t\t\t\t\t\t\t\t<p>Donativos<\/p>\t\t\t\t\t\t\t\t<\/div>\n\t\t\t\t<\/div>\n\t\t\t\t\t<\/div>\n\t\t\t\t<\/div>\n\t\t\t\t<section class=\"elementor-section elementor-top-section elementor-element elementor-element-50f03c03 elementor-section-content-top elementor-section-boxed elementor-section-height-default elementor-section-height-default\" data-id=\"50f03c03\" data-element_type=\"section\" data-e-type=\"section\" data-settings=\"{&quot;background_background&quot;:&quot;classic&quot;}\">\n\t\t\t\t\t\t\t<div class=\"elementor-background-overlay\"><\/div>\n\t\t\t\t\t\t\t<div class=\"elementor-container elementor-column-gap-no\">\n\t\t\t\t\t<div class=\"elementor-column elementor-col-100 elementor-top-column elementor-element elementor-element-7782d8e8\" data-id=\"7782d8e8\" data-element_type=\"column\" data-e-type=\"column\">\n\t\t\t<div class=\"elementor-widget-wrap elementor-element-populated\">\n\t\t\t\t\t\t<div class=\"elementor-element elementor-element-298df166 elementor-widget elementor-widget-heading\" data-id=\"298df166\" data-element_type=\"widget\" data-e-type=\"widget\" data-widget_type=\"heading.default\">\n\t\t\t\t<div class=\"elementor-widget-container\">\n\t\t\t\t\t<h4 class=\"elementor-heading-title elementor-size-default\">Datos Bancarios<\/h4>\t\t\t\t<\/div>\n\t\t\t\t<\/div>\n\t\t\t\t<div class=\"elementor-element elementor-element-6b6e59a5 elementor-widget elementor-widget-text-editor\" data-id=\"6b6e59a5\" data-element_type=\"widget\" data-e-type=\"widget\" data-widget_type=\"text-editor.default\">\n\t\t\t\t<div class=\"elementor-widget-container\">\n\t\t\t\t\t\t\t\t\t<p>Nombre: LaCaravanaEscuela<br \/>R.I.F: J-41270020-0<br \/>Banco: Bancamiga<br \/>Tipo de Cuenta: Moneda Extranjera USD$<br \/>N\u00b0 de Cuenta: 0172-0110-71-1104567845<\/p>\t\t\t\t\t\t\t\t<\/div>\n\t\t\t\t<\/div>\n\t\t\t\t\t<\/div>\n\t\t<\/div>\n\t\t\t\t\t<\/div>\n\t\t<\/section>\n\t\t<div class=\"elementor-element elementor-element-4a2de699 e-flex e-con-boxed e-con e-parent\" data-id=\"4a2de699\" data-element_type=\"container\" data-e-type=\"container\" data-settings=\"{&quot;background_background&quot;:&quot;classic&quot;}\">\n\t\t\t\t\t<div class=\"e-con-inner\">\n\t\t<div class=\"elementor-element elementor-element-5b227d87 e-con-full e-flex e-con e-child\" data-id=\"5b227d87\" data-element_type=\"container\" data-e-type=\"container\">\n\t\t\t\t<div class=\"elementor-element elementor-element-37e8cb9b elementor-widget elementor-widget-heading\" data-id=\"37e8cb9b\" data-element_type=\"widget\" data-e-type=\"widget\" data-widget_type=\"heading.default\">\n\t\t\t\t<div class=\"elementor-widget-container\">\n\t\t\t\t\t<h2 class=\"elementor-heading-title elementor-size-default\">A nuestros maravillosos colaboradores<\/h2>\t\t\t\t<\/div>\n\t\t\t\t<\/div>\n\t\t\t\t<\/div>\n\t\t<div class=\"elementor-element elementor-element-240da86 e-con-full e-flex e-con e-child\" data-id=\"240da86\" data-element_type=\"container\" data-e-type=\"container\">\n\t\t\t\t<div class=\"elementor-element elementor-element-3381e807 elementor-widget elementor-widget-text-editor\" data-id=\"3381e807\" data-element_type=\"widget\" data-e-type=\"widget\" data-widget_type=\"text-editor.default\">\n\t\t\t\t<div class=\"elementor-widget-container\">\n\t\t\t\t\t\t\t\t\t<p>Conforme evaluamos el viaje que hemos hecho juntos, el impacto ya logrado y el potencial de aprovechar esta experiencia para hacer m\u00e1s en el futuro, esperamos que aqu\u00e9llos que han apoyado nuestro trabajo se sientan alentados por el excepcional retorno social de su inversi\u00f3n, y contin\u00faen apoy\u00e1ndonos. Esperamos que aqu\u00e9llos que reci\u00e9n nos conocen, se unan a nosotros. Queremos expresar nuestra profunda gratitud a nuestros donantes de larga data y a nuestros nuevos donantes, en nombre de quienes trabajamos en <strong>LCE<\/strong>, y especialmente en nombre de las cientos (que pronto ser\u00e1n miles) de familias trabajadoras en los Andes cuyas vidas han mejorado profundamente a trav\u00e9s de este esfuerzo. Gracias a todos ustedes.<\/p>\t\t\t\t\t\t\t\t<\/div>\n\t\t\t\t<\/div>\n\t\t\t\t<\/div>\n\t\t\t\t\t<\/div>\n\t\t\t\t<\/div>\n\t\t\t\t<\/div>\n\t\t","protected":false},"excerpt":{"rendered":"<p>La Caravana Escuela Transferencia Nacional Donativos Datos Bancarios Nombre: LaCaravanaEscuelaR.I.F: J-41270020-0Banco: BancamigaTipo de Cuenta: Moneda Extranjera USD$N\u00b0 de Cuenta: 0172-0110-71-1104567845 [&hellip;]<\/p>\n","protected":false},"author":1,"featured_media":0,"parent":0,"menu_order":0,"comment_status":"closed","ping_status":"closed","template":"","meta":{"_uag_custom_page_level_css":"","site-sidebar-layout":"no-sidebar","site-content-layout":"","ast-site-content-layout":"full-width-container","site-content-style":"default","site-sidebar-style":"default","ast-global-header-display":"","ast-banner-title-visibility":"","ast-main-header-display":"","ast-hfb-above-header-display":"","ast-hfb-below-header-display":"","ast-hfb-mobile-header-display":"","site-post-title":"","ast-breadcrumbs-content":"","ast-featured-img":"disabled","footer-sml-layout":"","theme-transparent-header-meta":"","adv-header-id-meta":"","stick-header-meta":"","header-above-stick-meta":"","header-main-stick-meta":"","header-below-stick-meta":"","astra-migrate-meta-layouts":"default","ast-page-background-enabled":"default","ast-page-background-meta":{"desktop":{"background-color":"var(--ast-global-color-4)","background-image":"","background-repeat":"repeat","background-position":"center center","background-size":"auto","background-attachment":"scroll","background-type":"","background-media":"","overlay-type":"","overlay-color":"","overlay-opacity":"","overlay-gradient":""},"tablet":{"background-color":"","background-image":"","background-repeat":"repeat","background-position":"center center","background-size":"auto","background-attachment":"scroll","background-type":"","background-media":"","overlay-type":"","overlay-color":"","overlay-opacity":"","overlay-gradient":""},"mobile":{"background-color":"","background-image":"","background-repeat":"repeat","background-position":"center center","background-size":"auto","background-attachment":"scroll","background-type":"","background-media":"","overlay-type":"","overlay-color":"","overlay-opacity":"","overlay-gradient":""}},"ast-content-background-meta":{"desktop":{"background-color":"var(--ast-global-color-5)","background-image":"","background-repeat":"repeat","background-position":"center center","background-size":"auto","background-attachment":"scroll","background-type":"","background-media":"","overlay-type":"","overlay-color":"","overlay-opacity":"","overlay-gradient":""},"tablet":{"background-color":"var(--ast-global-color-5)","background-image":"","background-repeat":"repeat","background-position":"center center","background-size":"auto","background-attachment":"scroll","background-type":"","background-media":"","overlay-type":"","overlay-color":"","overlay-opacity":"","overlay-gradient":""},"mobile":{"background-color":"var(--ast-global-color-5)","background-image":"","background-repeat":"repeat","background-position":"center center","background-size":"auto","background-attachment":"scroll","background-type":"","background-media":"","overlay-type":"","overlay-color":"","overlay-opacity":"","overlay-gradient":""}},"footnotes":""},"class_list":["post-2008","page","type-page","status-publish","hentry"],"uagb_featured_image_src":{"full":false,"thumbnail":false,"medium":false,"medium_large":false,"large":false,"1536x1536":false,"2048x2048":false,"trp-custom-language-flag":false,"woocommerce_thumbnail":false,"woocommerce_single":false,"woocommerce_gallery_thumbnail":false},"uagb_author_info":{"display_name":"admin","author_link":"https:\/\/lacaravanaescuela.org\/es_es\/author\/lacaravanaescuela\/"},"uagb_comment_info":0,"uagb_excerpt":"La Caravana Escuela Transferencia Nacional Donativos Datos Bancarios Nombre: LaCaravanaEscuelaR.I.F: J-41270020-0Banco: BancamigaTipo de Cuenta: Moneda Extranjera USD$N\u00b0 de Cuenta: 0172-0110-71-1104567845 [&hellip;]","_links":{"self":[{"href":"https:\/\/lacaravanaescuela.org\/es_es\/wp-json\/wp\/v2\/pages\/2008","targetHints":{"allow":["GET"]}}],"collection":[{"href":"https:\/\/lacaravanaescuela.org\/es_es\/wp-json\/wp\/v2\/pages"}],"about":[{"href":"https:\/\/lacaravanaescuela.org\/es_es\/wp-json\/wp\/v2\/types\/page"}],"author":[{"embeddable":true,"href":"https:\/\/lacaravanaescuela.org\/es_es\/wp-json\/wp\/v2\/users\/1"}],"replies":[{"embeddable":true,"href":"https:\/\/lacaravanaescuela.org\/es_es\/wp-json\/wp\/v2\/comments?post=2008"}],"version-history":[{"count":13,"href":"https:\/\/lacaravanaescuela.org\/es_es\/wp-json\/wp\/v2\/pages\/2008\/revisions"}],"predecessor-version":[{"id":2558,"href":"https:\/\/lacaravanaescuela.org\/es_es\/wp-json\/wp\/v2\/pages\/2008\/revisions\/2558"}],"wp:attachment":[{"href":"https:\/\/lacaravanaescuela.org\/es_es\/wp-json\/wp\/v2\/media?parent=2008"}],"curies":[{"name":"wp","href":"https:\/\/api.w.org\/{rel}","templated":true}]}}