{"id":2439,"date":"2025-08-17T11:06:28","date_gmt":"2025-08-17T11:06:28","guid":{"rendered":"https:\/\/lacaravanaescuela.org\/?post_type=product&#038;p=2439"},"modified":"2025-08-17T11:16:48","modified_gmt":"2025-08-17T11:16:48","slug":"palin","status":"publish","type":"product","link":"https:\/\/lacaravanaescuela.org\/en\/product\/palin\/","title":{"rendered":"Pal\u00edn"},"content":{"rendered":"","protected":false},"excerpt":{"rendered":"<p>Con las mismas caracter\u00edsticas del Barret\u00f3n, con una pala mas ancha que tiene mucha utilidad en labores agr\u00edcolas y de construcci\u00f3n, con mango un de madera mas largo que el del barret\u00f3n lo hace c\u00f3modo, liviano y eficiente, y tambi\u00e9n cuenta con nuestra garant\u00eda ilimitada.<\/p>","protected":false},"featured_media":2440,"template":"","meta":{"_uag_custom_page_level_css":"","site-sidebar-layout":"default","site-content-layout":"","ast-site-content-layout":"default","site-content-style":"default","site-sidebar-style":"default","ast-global-header-display":"","ast-banner-title-visibility":"","ast-main-header-display":"","ast-hfb-above-header-display":"","ast-hfb-below-header-display":"","ast-hfb-mobile-header-display":"","site-post-title":"","ast-breadcrumbs-content":"","ast-featured-img":"","footer-sml-layout":"","theme-transparent-header-meta":"default","adv-header-id-meta":"","stick-header-meta":"","header-above-stick-meta":"","header-main-stick-meta":"","header-below-stick-meta":"","astra-migrate-meta-layouts":"set","ast-page-background-enabled":"default","ast-page-background-meta":{"desktop":{"background-color":"var(--ast-global-color-4)","background-image":"","background-repeat":"repeat","background-position":"center center","background-size":"auto","background-attachment":"scroll","background-type":"","background-media":"","overlay-type":"","overlay-color":"","overlay-opacity":"","overlay-gradient":""},"tablet":{"background-color":"","background-image":"","background-repeat":"repeat","background-position":"center center","background-size":"auto","background-attachment":"scroll","background-type":"","background-media":"","overlay-type":"","overlay-color":"","overlay-opacity":"","overlay-gradient":""},"mobile":{"background-color":"","background-image":"","background-repeat":"repeat","background-position":"center center","background-size":"auto","background-attachment":"scroll","background-type":"","background-media":"","overlay-type":"","overlay-color":"","overlay-opacity":"","overlay-gradient":""}},"ast-content-background-meta":{"desktop":{"background-color":"var(--ast-global-color-5)","background-image":"","background-repeat":"repeat","background-position":"center center","background-size":"auto","background-attachment":"scroll","background-type":"","background-media":"","overlay-type":"","overlay-color":"","overlay-opacity":"","overlay-gradient":""},"tablet":{"background-color":"var(--ast-global-color-5)","background-image":"","background-repeat":"repeat","background-position":"center center","background-size":"auto","background-attachment":"scroll","background-type":"","background-media":"","overlay-type":"","overlay-color":"","overlay-opacity":"","overlay-gradient":""},"mobile":{"background-color":"var(--ast-global-color-5)","background-image":"","background-repeat":"repeat","background-position":"center center","background-size":"auto","background-attachment":"scroll","background-type":"","background-media":"","overlay-type":"","overlay-color":"","overlay-opacity":"","overlay-gradient":""}}},"product_brand":[],"product_cat":[30],"product_tag":[29],"class_list":{"0":"post-2439","1":"product","2":"type-product","3":"status-publish","4":"has-post-thumbnail","6":"product_cat-herramientas-agricolas-y-de-construccion","7":"product_tag-palin","8":"desktop-align-left","9":"tablet-align-left","10":"mobile-align-left","12":"first","13":"instock","14":"shipping-taxable","15":"product-type-simple"},"uagb_featured_image_src":{"full":["https:\/\/lacaravanaescuela.org\/wp-content\/uploads\/2025\/08\/goods_02_436158-10.png",2000,2000,false],"thumbnail":["https:\/\/lacaravanaescuela.org\/wp-content\/uploads\/2025\/08\/goods_02_436158-10-150x150.png",150,150,true],"medium":["https:\/\/lacaravanaescuela.org\/wp-content\/uploads\/2025\/08\/goods_02_436158-10-300x300.png",300,300,true],"medium_large":["https:\/\/lacaravanaescuela.org\/wp-content\/uploads\/2025\/08\/goods_02_436158-10-768x768.png",768,768,true],"large":["https:\/\/lacaravanaescuela.org\/wp-content\/uploads\/2025\/08\/goods_02_436158-10-1024x1024.png",1024,1024,true],"1536x1536":["https:\/\/lacaravanaescuela.org\/wp-content\/uploads\/2025\/08\/goods_02_436158-10-1536x1536.png",1536,1536,true],"2048x2048":["https:\/\/lacaravanaescuela.org\/wp-content\/uploads\/2025\/08\/goods_02_436158-10.png",2000,2000,false],"trp-custom-language-flag":["https:\/\/lacaravanaescuela.org\/wp-content\/uploads\/2025\/08\/goods_02_436158-10.png",12,12,false],"woocommerce_thumbnail":["https:\/\/lacaravanaescuela.org\/wp-content\/uploads\/2025\/08\/goods_02_436158-10-300x300.png",300,300,true],"woocommerce_single":["https:\/\/lacaravanaescuela.org\/wp-content\/uploads\/2025\/08\/goods_02_436158-10-600x600.png",600,600,true],"woocommerce_gallery_thumbnail":["https:\/\/lacaravanaescuela.org\/wp-content\/uploads\/2025\/08\/goods_02_436158-10-100x100.png",100,100,true]},"uagb_author_info":{"display_name":"admin","author_link":"https:\/\/lacaravanaescuela.org\/en\/author\/"},"uagb_comment_info":0,"uagb_excerpt":"Con las mismas caracter\u00edsticas del Barret\u00f3n, con una pala mas ancha que tiene mucha utilidad en labores agr\u00edcolas y de construcci\u00f3n, con mango un de madera mas largo que el del barret\u00f3n lo hace c\u00f3modo, liviano y eficiente, y tambi\u00e9n cuenta con nuestra garant\u00eda ilimitada.","_links":{"self":[{"href":"https:\/\/lacaravanaescuela.org\/en\/wp-json\/wp\/v2\/product\/2439","targetHints":{"allow":["GET"]}}],"collection":[{"href":"https:\/\/lacaravanaescuela.org\/en\/wp-json\/wp\/v2\/product"}],"about":[{"href":"https:\/\/lacaravanaescuela.org\/en\/wp-json\/wp\/v2\/types\/product"}],"wp:featuredmedia":[{"embeddable":true,"href":"https:\/\/lacaravanaescuela.org\/en\/wp-json\/wp\/v2\/media\/2440"}],"wp:attachment":[{"href":"https:\/\/lacaravanaescuela.org\/en\/wp-json\/wp\/v2\/media?parent=2439"}],"wp:term":[{"taxonomy":"product_brand","embeddable":true,"href":"https:\/\/lacaravanaescuela.org\/en\/wp-json\/wp\/v2\/product_brand?post=2439"},{"taxonomy":"product_cat","embeddable":true,"href":"https:\/\/lacaravanaescuela.org\/en\/wp-json\/wp\/v2\/product_cat?post=2439"},{"taxonomy":"product_tag","embeddable":true,"href":"https:\/\/lacaravanaescuela.org\/en\/wp-json\/wp\/v2\/product_tag?post=2439"}],"curies":[{"name":"wp","href":"https:\/\/api.w.org\/{rel}","templated":true}]}}